{"id":34,"date":"2022-11-11T10:56:43","date_gmt":"2022-11-11T09:56:43","guid":{"rendered":"https:\/\/saint-maurice-en-chalencon.fr\/?page_id=34"},"modified":"2022-11-11T11:37:58","modified_gmt":"2022-11-11T10:37:58","slug":"contact","status":"publish","type":"page","link":"https:\/\/saint-maurice-en-chalencon.fr\/?page_id=34","title":{"rendered":"La mairie"},"content":{"rendered":"\n<figure class=\"wp-block-image size-full\"><img fetchpriority=\"high\" decoding=\"async\" width=\"844\" height=\"689\" src=\"https:\/\/saint-maurice-en-chalencon.fr\/wp-content\/uploads\/2022\/11\/logo_stmaurice-en-chalencon.jpg\" alt=\"\" class=\"wp-image-74\" srcset=\"https:\/\/saint-maurice-en-chalencon.fr\/wp-content\/uploads\/2022\/11\/logo_stmaurice-en-chalencon.jpg 844w, https:\/\/saint-maurice-en-chalencon.fr\/wp-content\/uploads\/2022\/11\/logo_stmaurice-en-chalencon-300x245.jpg 300w, https:\/\/saint-maurice-en-chalencon.fr\/wp-content\/uploads\/2022\/11\/logo_stmaurice-en-chalencon-768x627.jpg 768w\" sizes=\"(max-width: 844px) 100vw, 844px\" \/><figcaption class=\"wp-element-caption\">La mairie \u00e0 Alliandre<\/figcaption><\/figure>\n\n\n\n<p>Ouvert les mardi et jeudi de 14h \u00e0 17h<br>Adresse : Alliandre &#8211; 07190 SAINT MAURICE-EN-CHALENCON<br>T\u00e9l\u00e9phone : 04 75 58 11 74<br>Adresse \u00e9lectronique : <a href=\"mailto:mairie.stmaurice.en.chalencon@orange.fr\">mairie.stmaurice.en.chalencon@orange.fr<\/a><\/p>\n","protected":false},"excerpt":{"rendered":"<p>Ouvert les mardi et jeudi de 14h \u00e0 17hAdresse : Alliandre &#8211; 07190 SAINT MAURICE-EN-CHALENCONT\u00e9l\u00e9phone : 04 75 58 11 74Adresse \u00e9lectronique : mairie.stmaurice.en.chalencon@orange.fr<\/p>\n","protected":false},"author":1,"featured_media":0,"parent":0,"menu_order":0,"comment_status":"closed","ping_status":"closed","template":"","meta":{"_acf_changed":false,"footnotes":""},"class_list":["post-34","page","type-page","status-publish","hentry"],"acf":[],"_links":{"self":[{"href":"https:\/\/saint-maurice-en-chalencon.fr\/index.php?rest_route=\/wp\/v2\/pages\/34","targetHints":{"allow":["GET"]}}],"collection":[{"href":"https:\/\/saint-maurice-en-chalencon.fr\/index.php?rest_route=\/wp\/v2\/pages"}],"about":[{"href":"https:\/\/saint-maurice-en-chalencon.fr\/index.php?rest_route=\/wp\/v2\/types\/page"}],"author":[{"embeddable":true,"href":"https:\/\/saint-maurice-en-chalencon.fr\/index.php?rest_route=\/wp\/v2\/users\/1"}],"replies":[{"embeddable":true,"href":"https:\/\/saint-maurice-en-chalencon.fr\/index.php?rest_route=%2Fwp%2Fv2%2Fcomments&post=34"}],"version-history":[{"count":3,"href":"https:\/\/saint-maurice-en-chalencon.fr\/index.php?rest_route=\/wp\/v2\/pages\/34\/revisions"}],"predecessor-version":[{"id":76,"href":"https:\/\/saint-maurice-en-chalencon.fr\/index.php?rest_route=\/wp\/v2\/pages\/34\/revisions\/76"}],"wp:attachment":[{"href":"https:\/\/saint-maurice-en-chalencon.fr\/index.php?rest_route=%2Fwp%2Fv2%2Fmedia&parent=34"}],"curies":[{"name":"wp","href":"https:\/\/api.w.org\/{rel}","templated":true}]}}