{"id":32,"date":"2022-11-11T10:56:43","date_gmt":"2022-11-11T09:56:43","guid":{"rendered":"https:\/\/saint-maurice-en-chalencon.fr\/?page_id=32"},"modified":"2026-03-20T16:25:15","modified_gmt":"2026-03-20T15:25:15","slug":"bienvenue-a-saint-maurice-en-chalencon","status":"publish","type":"page","link":"https:\/\/saint-maurice-en-chalencon.fr\/","title":{"rendered":"Bienvenue \u00e0 Saint-Maurice-en-Chalencon"},"content":{"rendered":"\t\t<div data-elementor-type=\"wp-page\" data-elementor-id=\"32\" class=\"elementor elementor-32\" wpc-filter-elementor-widget=\"1\" data-elementor-post-type=\"page\">\n\t\t\t\t\t\t<section class=\"elementor-section elementor-top-section elementor-element elementor-element-2c580025 elementor-section-boxed elementor-section-height-default elementor-section-height-default\" data-id=\"2c580025\" data-element_type=\"section\" data-e-type=\"section\">\n\t\t\t\t\t\t<div class=\"elementor-container elementor-column-gap-default\">\n\t\t\t\t\t<div class=\"elementor-column elementor-col-100 elementor-top-column elementor-element elementor-element-564982d9\" data-id=\"564982d9\" data-element_type=\"column\" data-e-type=\"column\">\n\t\t\t<div class=\"elementor-widget-wrap elementor-element-populated\">\n\t\t\t\t\t\t<div class=\"elementor-element elementor-element-20be5c5 elementor--h-position-center elementor--v-position-middle elementor-arrows-position-inside elementor-pagination-position-inside elementor-widget elementor-widget-slides\" data-id=\"20be5c5\" data-element_type=\"widget\" data-e-type=\"widget\" data-settings=\"{&quot;transition&quot;:&quot;fade&quot;,&quot;navigation&quot;:&quot;both&quot;,&quot;autoplay&quot;:&quot;yes&quot;,&quot;pause_on_hover&quot;:&quot;yes&quot;,&quot;pause_on_interaction&quot;:&quot;yes&quot;,&quot;autoplay_speed&quot;:5000,&quot;infinite&quot;:&quot;yes&quot;,&quot;transition_speed&quot;:500}\" data-widget_type=\"slides.default\">\n\t\t\t\t<div class=\"elementor-widget-container\">\n\t\t\t\t\t\t\t\t\t<div class=\"elementor-swiper\">\n\t\t\t\t\t<div class=\"elementor-slides-wrapper elementor-main-swiper swiper\" role=\"region\" aria-roledescription=\"carousel\" aria-label=\"Diapositives\" dir=\"ltr\" data-animation=\"fadeInUp\">\n\t\t\t\t<div class=\"swiper-wrapper elementor-slides\">\n\t\t\t\t\t\t\t\t\t\t<div class=\"elementor-repeater-item-345a562 swiper-slide\" role=\"group\" aria-roledescription=\"slide\"><div class=\"swiper-slide-bg elementor-ken-burns elementor-ken-burns--in\" role=\"img\" aria-label=\"Diaporama : diapo_25\"><\/div><div class=\"swiper-slide-inner\" ><div class=\"swiper-slide-contents\"><\/div><\/div><\/div><div class=\"elementor-repeater-item-26538b8 swiper-slide\" role=\"group\" aria-roledescription=\"slide\"><div class=\"swiper-slide-bg elementor-ken-burns elementor-ken-burns--in\" role=\"img\" aria-label=\"Diaporama - diapo_26\"><\/div><div class=\"swiper-slide-inner\" ><div class=\"swiper-slide-contents\"><\/div><\/div><\/div><div class=\"elementor-repeater-item-f6da87e swiper-slide\" role=\"group\" aria-roledescription=\"slide\"><div class=\"swiper-slide-bg elementor-ken-burns elementor-ken-burns--in\" role=\"img\" aria-label=\"Diaporama : diapo_24\"><\/div><div class=\"swiper-slide-inner\" ><div class=\"swiper-slide-contents\"><\/div><\/div><\/div><div class=\"elementor-repeater-item-38a7e8d swiper-slide\" role=\"group\" aria-roledescription=\"slide\"><div class=\"swiper-slide-bg elementor-ken-burns elementor-ken-burns--in\" role=\"img\" aria-label=\"Diaporama : diapo_23\"><\/div><div class=\"swiper-slide-inner\" ><div class=\"swiper-slide-contents\"><\/div><\/div><\/div><div class=\"elementor-repeater-item-ac413e5 swiper-slide\" role=\"group\" aria-roledescription=\"slide\"><div class=\"swiper-slide-bg elementor-ken-burns elementor-ken-burns--in\" role=\"img\" aria-label=\"Diaporama : diapo_22\"><\/div><div class=\"swiper-slide-inner\" ><div class=\"swiper-slide-contents\"><\/div><\/div><\/div><div class=\"elementor-repeater-item-a085661 swiper-slide\" role=\"group\" aria-roledescription=\"slide\"><div class=\"swiper-slide-bg elementor-ken-burns elementor-ken-burns--in\" role=\"img\" aria-label=\"Diaporama : diapo_21\"><\/div><div class=\"swiper-slide-inner\" ><div class=\"swiper-slide-contents\"><\/div><\/div><\/div><div class=\"elementor-repeater-item-6a0d927 swiper-slide\" role=\"group\" aria-roledescription=\"slide\"><div class=\"swiper-slide-bg elementor-ken-burns elementor-ken-burns--in\" role=\"img\" aria-label=\"Diaporama : diapo_20\"><\/div><div class=\"swiper-slide-inner\" ><div class=\"swiper-slide-contents\"><\/div><\/div><\/div><div class=\"elementor-repeater-item-82390bf swiper-slide\" role=\"group\" aria-roledescription=\"slide\"><div class=\"swiper-slide-bg elementor-ken-burns elementor-ken-burns--in\" role=\"img\" aria-label=\"Diaporama : diapo_19\"><\/div><div class=\"swiper-slide-inner\" ><div class=\"swiper-slide-contents\"><\/div><\/div><\/div><div class=\"elementor-repeater-item-7dbbb91 swiper-slide\" role=\"group\" aria-roledescription=\"slide\"><div class=\"swiper-slide-bg elementor-ken-burns elementor-ken-burns--in\" role=\"img\" aria-label=\"Diaporama : diapo_18\"><\/div><div class=\"swiper-slide-inner\" ><div class=\"swiper-slide-contents\"><\/div><\/div><\/div><div class=\"elementor-repeater-item-3463d0a swiper-slide\" role=\"group\" aria-roledescription=\"slide\"><div class=\"swiper-slide-bg elementor-ken-burns elementor-ken-burns--in\" role=\"img\" aria-label=\"Diaporama : diapo_17\"><\/div><div class=\"swiper-slide-inner\" ><div class=\"swiper-slide-contents\"><\/div><\/div><\/div>\t\t\t\t<\/div>\n\t\t\t\t\t\t\t\t\t\t\t\t\t\t\t<div class=\"elementor-swiper-button elementor-swiper-button-prev\" role=\"button\" tabindex=\"0\" aria-label=\"Diapositive pr\u00e9c\u00e9dente\">\n\t\t\t\t\t\t\t<i aria-hidden=\"true\" class=\"eicon-chevron-left\"><\/i>\t\t\t\t\t\t<\/div>\n\t\t\t\t\t\t<div class=\"elementor-swiper-button elementor-swiper-button-next\" role=\"button\" tabindex=\"0\" aria-label=\"Diapositive suivante\">\n\t\t\t\t\t\t\t<i aria-hidden=\"true\" class=\"eicon-chevron-right\"><\/i>\t\t\t\t\t\t<\/div>\n\t\t\t\t\t\t\t\t\t\t\t\t\t\t\t\t<div class=\"swiper-pagination\"><\/div>\n\t\t\t\t\t\t\t\t\t\t\t\t<\/div>\n\t\t\t\t<\/div>\n\t\t\t\t\t\t\t\t<\/div>\n\t\t\t\t<\/div>\n\t\t\t\t\t<\/div>\n\t\t<\/div>\n\t\t\t\t\t<\/div>\n\t\t<\/section>\n\t\t\t\t<section class=\"elementor-section elementor-top-section elementor-element elementor-element-faeb14a elementor-section-boxed elementor-section-height-default elementor-section-height-default\" data-id=\"faeb14a\" data-element_type=\"section\" data-e-type=\"section\">\n\t\t\t\t\t\t<div class=\"elementor-container elementor-column-gap-default\">\n\t\t\t\t\t<div class=\"elementor-column elementor-col-100 elementor-top-column elementor-element elementor-element-ddb5d46\" data-id=\"ddb5d46\" data-element_type=\"column\" data-e-type=\"column\">\n\t\t\t<div class=\"elementor-widget-wrap elementor-element-populated\">\n\t\t\t\t\t\t<div class=\"elementor-element elementor-element-3855540 elementor-widget elementor-widget-heading\" data-id=\"3855540\" data-element_type=\"widget\" data-e-type=\"widget\" data-widget_type=\"heading.default\">\n\t\t\t\t<div class=\"elementor-widget-container\">\n\t\t\t\t\t<h2 class=\"elementor-heading-title elementor-size-default\">Les festivit\u00e9s en 2026<\/h2>\t\t\t\t<\/div>\n\t\t\t\t<\/div>\n\t\t\t\t<div class=\"elementor-element elementor-element-1fa05fe elementor-grid-3 elementor-grid-tablet-2 elementor-grid-mobile-1 elementor-posts--thumbnail-top elementor-widget elementor-widget-posts\" data-id=\"1fa05fe\" data-element_type=\"widget\" data-e-type=\"widget\" data-settings=\"{&quot;classic_columns&quot;:&quot;3&quot;,&quot;classic_columns_tablet&quot;:&quot;2&quot;,&quot;classic_columns_mobile&quot;:&quot;1&quot;,&quot;classic_row_gap&quot;:{&quot;unit&quot;:&quot;px&quot;,&quot;size&quot;:35,&quot;sizes&quot;:[]},&quot;classic_row_gap_tablet&quot;:{&quot;unit&quot;:&quot;px&quot;,&quot;size&quot;:&quot;&quot;,&quot;sizes&quot;:[]},&quot;classic_row_gap_mobile&quot;:{&quot;unit&quot;:&quot;px&quot;,&quot;size&quot;:&quot;&quot;,&quot;sizes&quot;:[]}}\" data-widget_type=\"posts.classic\">\n\t\t\t\t<div class=\"elementor-widget-container\">\n\t\t\t\t\t\t\t<div class=\"elementor-posts-container elementor-posts elementor-posts--skin-classic elementor-grid\" role=\"list\">\n\t\t\t\t<article class=\"elementor-post elementor-grid-item post-2740 post type-post status-publish format-standard has-post-thumbnail hentry category-bien-sortir\" role=\"listitem\">\n\t\t\t\t<a class=\"elementor-post__thumbnail__link\" href=\"https:\/\/saint-maurice-en-chalencon.fr\/?p=2740\" tabindex=\"-1\" >\n\t\t\t<div class=\"elementor-post__thumbnail\"><img fetchpriority=\"high\" decoding=\"async\" width=\"212\" height=\"300\" src=\"https:\/\/saint-maurice-en-chalencon.fr\/wp-content\/uploads\/affiche-2-212x300.jpg\" class=\"attachment-medium size-medium wp-image-2729\" alt=\"\" srcset=\"https:\/\/saint-maurice-en-chalencon.fr\/wp-content\/uploads\/affiche-2-212x300.jpg 212w, https:\/\/saint-maurice-en-chalencon.fr\/wp-content\/uploads\/affiche-2-360x509.jpg 360w, https:\/\/saint-maurice-en-chalencon.fr\/wp-content\/uploads\/affiche-2.jpg 596w\" sizes=\"(max-width: 212px) 100vw, 212px\" \/><\/div>\n\t\t<\/a>\n\t\t\t\t<div class=\"elementor-post__text\">\n\t\t\t\t<h3 class=\"elementor-post__title\">\n\t\t\t<a href=\"https:\/\/saint-maurice-en-chalencon.fr\/?p=2740\" >\n\t\t\t\tEntr\u00e9e, plat, DUSSERRE le samedi 28 mars\t\t\t<\/a>\n\t\t<\/h3>\n\t\t\t\t<div class=\"elementor-post__excerpt\">\n\t\t\t\t\t<\/div>\n\t\t\n\t\t<a class=\"elementor-post__read-more\" href=\"https:\/\/saint-maurice-en-chalencon.fr\/?p=2740\" aria-label=\"En savoir plus sur Entr\u00e9e, plat, DUSSERRE le samedi 28 mars\" tabindex=\"-1\" >\n\t\t\tLire la suite \u00bb\t\t<\/a>\n\n\t\t\t\t<\/div>\n\t\t\t\t<\/article>\n\t\t\t\t<article class=\"elementor-post elementor-grid-item post-2728 post type-post status-publish format-standard has-post-thumbnail hentry category-bien-sortir\" role=\"listitem\">\n\t\t\t\t<a class=\"elementor-post__thumbnail__link\" href=\"https:\/\/saint-maurice-en-chalencon.fr\/?p=2728\" tabindex=\"-1\" >\n\t\t\t<div class=\"elementor-post__thumbnail\"><img decoding=\"async\" width=\"212\" height=\"300\" src=\"https:\/\/saint-maurice-en-chalencon.fr\/wp-content\/uploads\/Affiche-RVB-leger-212x300.jpg\" class=\"attachment-medium size-medium wp-image-2741\" alt=\"\" srcset=\"https:\/\/saint-maurice-en-chalencon.fr\/wp-content\/uploads\/Affiche-RVB-leger-212x300.jpg 212w, https:\/\/saint-maurice-en-chalencon.fr\/wp-content\/uploads\/Affiche-RVB-leger-724x1024.jpg 724w, https:\/\/saint-maurice-en-chalencon.fr\/wp-content\/uploads\/Affiche-RVB-leger-768x1086.jpg 768w, https:\/\/saint-maurice-en-chalencon.fr\/wp-content\/uploads\/Affiche-RVB-leger-1086x1536.jpg 1086w, https:\/\/saint-maurice-en-chalencon.fr\/wp-content\/uploads\/Affiche-RVB-leger-1448x2048.jpg 1448w, https:\/\/saint-maurice-en-chalencon.fr\/wp-content\/uploads\/Affiche-RVB-leger-360x509.jpg 360w, https:\/\/saint-maurice-en-chalencon.fr\/wp-content\/uploads\/Affiche-RVB-leger-scaled.jpg 1810w\" sizes=\"(max-width: 212px) 100vw, 212px\" \/><\/div>\n\t\t<\/a>\n\t\t\t\t<div class=\"elementor-post__text\">\n\t\t\t\t<h3 class=\"elementor-post__title\">\n\t\t\t<a href=\"https:\/\/saint-maurice-en-chalencon.fr\/?p=2728\" >\n\t\t\t\tNo Futurlututu les 8 et 9 mai 2026\t\t\t<\/a>\n\t\t<\/h3>\n\t\t\t\t<div class=\"elementor-post__excerpt\">\n\t\t\t\t\t<\/div>\n\t\t\n\t\t<a class=\"elementor-post__read-more\" href=\"https:\/\/saint-maurice-en-chalencon.fr\/?p=2728\" aria-label=\"En savoir plus sur No Futurlututu les 8 et 9 mai 2026\" tabindex=\"-1\" >\n\t\t\tLire la suite \u00bb\t\t<\/a>\n\n\t\t\t\t<\/div>\n\t\t\t\t<\/article>\n\t\t\t\t<article class=\"elementor-post elementor-grid-item post-2892 post type-post status-publish format-standard has-post-thumbnail hentry category-bien-sortir\" role=\"listitem\">\n\t\t\t\t<a class=\"elementor-post__thumbnail__link\" href=\"https:\/\/saint-maurice-en-chalencon.fr\/?p=2892\" tabindex=\"-1\" >\n\t\t\t<div class=\"elementor-post__thumbnail\"><img decoding=\"async\" width=\"212\" height=\"300\" src=\"https:\/\/saint-maurice-en-chalencon.fr\/wp-content\/uploads\/RouleMaLoutre_A3_RVB-212x300.jpg\" class=\"attachment-medium size-medium wp-image-2893\" alt=\"\" srcset=\"https:\/\/saint-maurice-en-chalencon.fr\/wp-content\/uploads\/RouleMaLoutre_A3_RVB-212x300.jpg 212w, https:\/\/saint-maurice-en-chalencon.fr\/wp-content\/uploads\/RouleMaLoutre_A3_RVB-724x1024.jpg 724w, https:\/\/saint-maurice-en-chalencon.fr\/wp-content\/uploads\/RouleMaLoutre_A3_RVB-768x1086.jpg 768w, https:\/\/saint-maurice-en-chalencon.fr\/wp-content\/uploads\/RouleMaLoutre_A3_RVB-1086x1536.jpg 1086w, https:\/\/saint-maurice-en-chalencon.fr\/wp-content\/uploads\/RouleMaLoutre_A3_RVB-1448x2048.jpg 1448w, https:\/\/saint-maurice-en-chalencon.fr\/wp-content\/uploads\/RouleMaLoutre_A3_RVB-360x509.jpg 360w, https:\/\/saint-maurice-en-chalencon.fr\/wp-content\/uploads\/RouleMaLoutre_A3_RVB.jpg 1754w\" sizes=\"(max-width: 212px) 100vw, 212px\" \/><\/div>\n\t\t<\/a>\n\t\t\t\t<div class=\"elementor-post__text\">\n\t\t\t\t<h3 class=\"elementor-post__title\">\n\t\t\t<a href=\"https:\/\/saint-maurice-en-chalencon.fr\/?p=2892\" >\n\t\t\t\tRoule Ma Loutre les 15 et 16 mai\t\t\t<\/a>\n\t\t<\/h3>\n\t\t\t\t<div class=\"elementor-post__excerpt\">\n\t\t\t<p>Au programme 3 jours de musique, cirque, th\u00e9\u00e2tre, chorale, projections et de d\u00e9ambulation \u00e0 v\u00e9lo avec des spectacles sur la voie verte !<\/p>\n\t\t<\/div>\n\t\t\n\t\t<a class=\"elementor-post__read-more\" href=\"https:\/\/saint-maurice-en-chalencon.fr\/?p=2892\" aria-label=\"En savoir plus sur Roule Ma Loutre les 15 et 16 mai\" tabindex=\"-1\" >\n\t\t\tLire la suite \u00bb\t\t<\/a>\n\n\t\t\t\t<\/div>\n\t\t\t\t<\/article>\n\t\t\t\t<\/div>\n\t\t\n\t\t\t\t\t\t<\/div>\n\t\t\t\t<\/div>\n\t\t\t\t\t<\/div>\n\t\t<\/div>\n\t\t\t\t\t<\/div>\n\t\t<\/section>\n\t\t\t\t<\/div>\n\t\t","protected":false},"excerpt":{"rendered":"<p>Les festivit\u00e9s en 2026<\/p>\n","protected":false},"author":1,"featured_media":0,"parent":0,"menu_order":0,"comment_status":"closed","ping_status":"closed","template":"","meta":{"_acf_changed":false,"footnotes":""},"class_list":["post-32","page","type-page","status-publish","hentry"],"acf":[],"_links":{"self":[{"href":"https:\/\/saint-maurice-en-chalencon.fr\/index.php?rest_route=\/wp\/v2\/pages\/32","targetHints":{"allow":["GET"]}}],"collection":[{"href":"https:\/\/saint-maurice-en-chalencon.fr\/index.php?rest_route=\/wp\/v2\/pages"}],"about":[{"href":"https:\/\/saint-maurice-en-chalencon.fr\/index.php?rest_route=\/wp\/v2\/types\/page"}],"author":[{"embeddable":true,"href":"https:\/\/saint-maurice-en-chalencon.fr\/index.php?rest_route=\/wp\/v2\/users\/1"}],"replies":[{"embeddable":true,"href":"https:\/\/saint-maurice-en-chalencon.fr\/index.php?rest_route=%2Fwp%2Fv2%2Fcomments&post=32"}],"version-history":[{"count":48,"href":"https:\/\/saint-maurice-en-chalencon.fr\/index.php?rest_route=\/wp\/v2\/pages\/32\/revisions"}],"predecessor-version":[{"id":2903,"href":"https:\/\/saint-maurice-en-chalencon.fr\/index.php?rest_route=\/wp\/v2\/pages\/32\/revisions\/2903"}],"wp:attachment":[{"href":"https:\/\/saint-maurice-en-chalencon.fr\/index.php?rest_route=%2Fwp%2Fv2%2Fmedia&parent=32"}],"curies":[{"name":"wp","href":"https:\/\/api.w.org\/{rel}","templated":true}]}}